{"id":274,"date":"2017-12-02T13:28:43","date_gmt":"2017-12-02T12:28:43","guid":{"rendered":"http:\/\/stlouisvincennes.fr\/?page_id=274"},"modified":"2018-11-14T08:26:29","modified_gmt":"2018-11-14T07:26:29","slug":"mentions-legales","status":"publish","type":"page","link":"https:\/\/stlouisvincennes.fr\/index.php\/mentions-legales\/","title":{"rendered":"Mentions l\u00e9gales"},"content":{"rendered":"<article id=\"post-108\">\n<header>\n<h1><span style=\"color: #cc6600;\">Mentions l\u00e9gales<\/span><\/h1>\n<hr \/>\n<\/header>\n<h2><span style=\"color: #cc6600;\">\u00c9diteur<\/span><\/h2>\n<p><small>AMIVALE<br \/>\n23 rue C\u00e9line Robert<br \/>\n94300 VINCENNES<br \/>\nFrance<\/small><\/p>\n<p><small>Directeur de la publication : Fran\u00e7ois MAZOU\u00cbR<\/small><small><\/small><\/p>\n<p>&nbsp;<\/p>\n<h2><span style=\"color: #cc6600;\">H\u00e9bergement<\/span><\/h2>\n<p><small>Ce site est h\u00e9berg\u00e9 par OVH \u2013 2 rue Kellermann \u2013 59100 Roubaix \u2013 France<\/small><\/p>\n<p>&nbsp;<\/p>\n<h2><span style=\"color: #cc6600;\">D\u00e9claration \u2013 Protection des donn\u00e9es<\/span><\/h2>\n<p><small>Ce site est dispens\u00e9 de d\u00e9claration \u00e0 la CNIL en vertu de la d\u00e9lib\u00e9ration n\u00b0 2010-229 du 10 juin 2010 dispensant de d\u00e9claration les traitements automatis\u00e9s de donn\u00e9es \u00e0 caract\u00e8re personnel mis en \u0153uvre par des organismes \u00e0 but non lucratif.<\/small><\/p>\n<p><small>Aucune information personnelle n\u2019est collect\u00e9e \u00e0 votre insu.<br \/>\nAucune information personnelle n\u2019est c\u00e9d\u00e9e \u00e0 des tiers.<\/small><br \/>\n<small>Conform\u00e9ment \u00e0 la loi \u00ab Informatique et Libert\u00e9s \u00bb du 6 janvier 1978, vous disposez d\u2019un droit d\u2019acc\u00e8s et de rectification aux donn\u00e9es personnelles vous concernant. Si vous souhaitez exercer ce droit, contactez le responsable du site.<\/small><\/p>\n<p>&nbsp;<\/p>\n<h2><span style=\"color: #cc6600;\">Droit d\u2019auteur \u2013 Copyright<\/span><\/h2>\n<p><small>L\u2019ensemble de ce site rel\u00e8ve de la l\u00e9gislation fran\u00e7aise et internationale sur le droit d\u2019auteur et la propri\u00e9t\u00e9 intellectuelle. Tous les droits de reproduction sont r\u00e9serv\u00e9s, y compris pour les documents t\u00e9l\u00e9chargeables et les repr\u00e9sentations iconographiques et photographiques.<\/small><\/p>\n<p><small>La reproduction de tout ou partie de ce site est formellement interdite sauf autorisation expresse du directeur de la publication.<br \/>\nLa reproduction de citations d\u2019extraits des textes de ce site est autoris\u00e9e sous r\u00e9serve qu\u2019ils ne subissent ni modification ni alt\u00e9ration d\u2019aucune sorte, et que la source \u00ab Amivale \u2013 http:\/\/stlouisvincennes.fr \u00bb figure de mani\u00e8re claire et lisible.<br \/>\nPour d\u2019autres utilisations, veuillez contacter le responsable du site.<\/small><\/p>\n<p><small>Toutes les photos et illustrations figurant sur ce site sont soit libres de droits soit publi\u00e9es avec l\u2019autorisation expresse de leur auteur. Si toutefois vous \u00eates l\u2019auteur d\u2019une photo, image ou vid\u00e9o publi\u00e9e sans votre autorisation, veuillez contacter le responsable du site.<\/small><\/p>\n<p>&nbsp;<\/p>\n<h2><span style=\"color: #cc6600;\">Cr\u00e9dits photos<\/span><\/h2>\n<pre>Fran\u00e7ois Mazou\u00ebr<\/pre>\n<p>&nbsp;<\/p>\n<\/article>\n","protected":false},"excerpt":{"rendered":"<p>Mentions l\u00e9gales \u00c9diteur AMIVALE 23 rue C\u00e9line Robert 94300 VINCENNES France Directeur de la publication : Fran\u00e7ois MAZOU\u00cbR &nbsp; H\u00e9bergement Ce site est h\u00e9berg\u00e9 par OVH \u2013 2 rue Kellermann \u2013 59100 Roubaix \u2013 France &nbsp; D\u00e9claration \u2013 Protection des donn\u00e9es Ce site est dispens\u00e9 de d\u00e9claration \u00e0 la CNIL [&hellip;]<\/p>\n","protected":false},"author":3,"featured_media":0,"parent":0,"menu_order":4,"comment_status":"closed","ping_status":"closed","template":"","meta":{"footnotes":""},"class_list":["post-274","page","type-page","status-publish","hentry"],"_links":{"self":[{"href":"https:\/\/stlouisvincennes.fr\/index.php\/wp-json\/wp\/v2\/pages\/274","targetHints":{"allow":["GET"]}}],"collection":[{"href":"https:\/\/stlouisvincennes.fr\/index.php\/wp-json\/wp\/v2\/pages"}],"about":[{"href":"https:\/\/stlouisvincennes.fr\/index.php\/wp-json\/wp\/v2\/types\/page"}],"author":[{"embeddable":true,"href":"https:\/\/stlouisvincennes.fr\/index.php\/wp-json\/wp\/v2\/users\/3"}],"replies":[{"embeddable":true,"href":"https:\/\/stlouisvincennes.fr\/index.php\/wp-json\/wp\/v2\/comments?post=274"}],"version-history":[{"count":12,"href":"https:\/\/stlouisvincennes.fr\/index.php\/wp-json\/wp\/v2\/pages\/274\/revisions"}],"predecessor-version":[{"id":427,"href":"https:\/\/stlouisvincennes.fr\/index.php\/wp-json\/wp\/v2\/pages\/274\/revisions\/427"}],"wp:attachment":[{"href":"https:\/\/stlouisvincennes.fr\/index.php\/wp-json\/wp\/v2\/media?parent=274"}],"curies":[{"name":"wp","href":"https:\/\/api.w.org\/{rel}","templated":true}]}}