{"id":312,"date":"2017-12-02T14:30:02","date_gmt":"2017-12-02T13:30:02","guid":{"rendered":"http:\/\/stlouisvincennes.fr\/?page_id=312"},"modified":"2018-11-14T08:26:29","modified_gmt":"2018-11-14T07:26:29","slug":"lorgue","status":"publish","type":"page","link":"https:\/\/stlouisvincennes.fr\/index.php\/lorgue\/","title":{"rendered":"L&rsquo;orgue"},"content":{"rendered":"<p>&nbsp;<\/p>\n<h1 style=\"text-align: center;\">L&rsquo;orgue neuf de l&rsquo;\u00e9glise Saint-Louis \u00e0 Vincennes (94)<\/h1>\n<hr \/>\n<h1 style=\"text-align: center;\">Un instrument n\u00e9oclassique d&rsquo;exception<\/h1>\n<h2><\/h2>\n<h2 style=\"text-align: center;\">L&rsquo;\u00e9glise Saint-Louis de Vincennes class\u00e9e monument historique<\/h2>\n<h2><img loading=\"lazy\" decoding=\"async\" src=\"http:\/\/stlouisvincennes.fr\/wp-content\/uploads\/2017\/12\/1200px-Logo_monument_historique_-_rouge_ombr\u00e9_encadr\u00e9.svg_-150x150.png\" alt=\"\" width=\"76\" height=\"76\" \/><\/h2>\n<h2><\/h2>\n<p>L&rsquo;\u00e9glise Saint-Louis se situe au point de rencontre entre quatre villes \u2013 Vincennes, Saint-Mand\u00e9, Montreuil et Paris \u2013 et trois d\u00e9partements \u2013 Val-de-Marne, Seine- Saint-Denis et Paris.<\/p>\n<p>Sa construction, d\u00e9cid\u00e9e \u00e0 la fin des ann\u00e9es 1890, pour accompagner l&rsquo;urbanisation li\u00e9e notamment \u00e0 l&rsquo;ouverture de la ligne n\u00b0 1 du m\u00e9tropolitain, ne fut entreprise qu&rsquo;en 1914 et achev\u00e9e en 1920. Elle fut confi\u00e9e aux architectes Jacques Droz et Joseph Marrast. Tenant compte des contraintes du site, ils con\u00e7urent un \u00e9difice de plan centr\u00e9, se r\u00e9f\u00e9rant \u00e0 l&rsquo;architecture byzantine, et mirent en \u0153uvre des moyens \u00e9conomiques et r\u00e9solument contemporains : quatre grands arcs en b\u00e9ton arm\u00e9 d\u00e9limitent une nef unique tout en donnant l&rsquo;impression d&rsquo;une croix grecque.<\/p>\n<p>Les grands principes de la d\u00e9coration, achev\u00e9e en 1927, furent arr\u00eat\u00e9s d\u00e8s le d\u00e9but de 1921 et les architectes mirent avec constance l\u2019accent sur le d\u00e9cor int\u00e9rieur, qui offre un contraste saisissant avec l&rsquo;aspect ext\u00e9rieur. L&rsquo;\u00e9glise est ainsi dot\u00e9e d&rsquo;un ensemble unique d&rsquo;\u0153uvres caract\u00e9ristiques du renouveau de l&rsquo;art sacr\u00e9 au d\u00e9but du XX\u00b0 si\u00e8cle : fresques de Maurice Denis et d&rsquo;Henri Marret, sculptures de Carlo Sarrabezolles et d&rsquo;Armand Boutrolle, c\u00e9ramiques de Maurice Dhomme et ferronneries de Raymond Subes.<\/p>\n<p>L&rsquo;unit\u00e9 et la qualit\u00e9 du d\u00e9cor ainsi que son accord avec l&rsquo;architecture justifi\u00e8rent l&rsquo;inscription de l&rsquo;\u00e9glise Saint-Louis \u00e0 l&rsquo;Inventaire des Monuments Historiques en 1994, puis son classement en totalit\u00e9 le 10 septembre 1996.<\/p>\n<h2><\/h2>\n<h2>Pourquoi construire un orgue neuf \u00e0 Saint-Louis de Vincennes ?<\/h2>\n<p>Dans les 30 ann\u00e9es qui suivirent son inauguration, l&rsquo;\u00e9glise Saint-Louis ne poss\u00e9da que des orgues lou\u00e9s ou achet\u00e9s d&rsquo;occasion.<\/p>\n<p>Le dernier instrument fut install\u00e9 en 1954 par le facteur Gonzalez, en r\u00e9utilisant partiellement un orgue d\u2019occasion de facture am\u00e9ricaine. Pr\u00e9vu initialement avec 18 jeux, cet orgue n&rsquo;en comporta jamais que 9, ce depuis l&rsquo;origine. Les mat\u00e9riaux utilis\u00e9s, tant pour le buffet que pour la tuyauterie, ne firent pas de cet orgue un instrument d\u2019une grande valeur, malgr\u00e9 la qualit\u00e9 de l&rsquo;harmonisation, servie par une acoustique exceptionnelle.<\/p>\n<p>D\u00e8s le d\u00e9but des ann\u00e9es 2000, les d\u00e9fauts de fiabilit\u00e9 de l&rsquo;instrument actuel amen\u00e8rent \u00e0 se poser la question de son remplacement. Apr\u00e8s \u00e9tude et avis de la commission sup\u00e9rieure des orgues non class\u00e9s, d\u00e9cision fut prise de construire un instrument neuf \u00e0 partir d&rsquo;un cahier des charges coh\u00e9rent et ambitieux. L&rsquo;orgue Gonzalez de 1954 a \u00e9t\u00e9 install\u00e9 depuis \u00e0 l&rsquo;\u00e9glise Notre-Dame de Bonsecours \u00e0 Nancy.<\/p>\n<p>&nbsp;<\/p>\n<h2>Quelle esth\u00e9tique pour l&rsquo;orgue neuf ?<\/h2>\n<p>L\u2019\u00e9glise Saint-Louis de Vincennes a une personnalit\u00e9 tellement marqu\u00e9e que n\u2019importe quel orgue ne pourra y prendre place. Il est indispensable que le nouvel orgue soit pens\u00e9 en harmonie avec le lieu : si l\u2019on optait pour un orgue classique fran\u00e7ais ou un orgue germanique, les sonorit\u00e9s seraient per\u00e7ues en opposition avec l\u2019esth\u00e9tique visuelle de l\u2019\u00e9difice. En revanche, un orgue fran\u00e7ais des ann\u00e9es 1930, doux et color\u00e9, serait pleinement en symbiose avec le d\u00e9cor. A la grande peinture murale de Maurice\u00a0Denis situ\u00e9e dans le ch\u0153ur devrait faire face un instrument aux timbres en harmonie avec cette esth\u00e9tique visuelle. Rappelons que Maurice Denis \u00e9tait tr\u00e8s li\u00e9 \u00e0 la famille Alain et qu\u2019il admirait les recherches musicales d\u2019Albert Alain. Comment ne pas souhaiter avec les mots de Jehan Alain trouver \u00e0 St-Louis de Vincennes \u201cces sonorit\u00e9s fines qu\u2019on peut entrecroiser dans la douceur et qui donnent un tissu sonore transparent et fluide dans les doigts, comme un voile de soie\u201d.<\/p>\n<p>&nbsp;<\/p>\n<h2>L\u2019orgue \u00ab n\u00e9o-classique \u00bb : un projet novateur<\/h2>\n<p>Les ann\u00e9es 1930 furent pour l\u2019orgue fran\u00e7ais une p\u00e9riode d\u2019une grande richesse sur le plan musical : rarement il y eut en France une telle floraison de compositeurs inspir\u00e9s (Messiaen, Tournemire, Alain, Durufl\u00e9, Langlais, Litaize, etc.) dont la musique est, \u00e0 ce jour, tr\u00e8s largement appr\u00e9ci\u00e9e et jou\u00e9e par les organistes du monde entier. Pour autant, la facture d\u2019orgue de cette \u00e9poque, dite \u00ab n\u00e9o-classique \u00bb pr\u00e9sentait de nombreuses d\u00e9faillances, dans le contexte d\u2019indigence mat\u00e9rielle (mauvaise qualit\u00e9 des mat\u00e9riaux) de l\u2019entre deux guerres.<\/p>\n<p>Le d\u00e9fi de ce projet \u00e9tait de construire un orgue n\u00e9o-classique de qualit\u00e9 : un instrument destin\u00e9 \u00e0 servir en priorit\u00e9 la musique fran\u00e7aise du XXe si\u00e8cle, et qui aurait les qualit\u00e9s m\u00e9caniques et la fiabilit\u00e9 d\u2019un orgue plus ancien. Un tel projet \u00e9tait extr\u00eamement novateur et probablement pr\u00e9curseur, sachant que, depuis une trentaine d\u2019ann\u00e9es, l\u2019essentiel des constructions d\u2019orgues neufs r\u00e9pondent \u00e0 une esth\u00e9tique baroquisante.<\/p>\n<p>Un tel parti esth\u00e9tique permet aussi au nouvel orgue de s\u2019inscrire en compl\u00e9mentarit\u00e9 dans le paysage organistique du d\u00e9partement du Val-de-Marne, r\u00e9cemment enrichi par l&rsquo;installation \u00e0 la cath\u00e9drale de Cr\u00e9teil de l&rsquo;ancien instrument Schwenkedel de l&rsquo;Association Valentin Ha\u00fcy.<\/p>\n<p>&nbsp;<\/p>\n<h2>L&rsquo;orgue neuf Denis Lacorre<\/h2>\n<p><img loading=\"lazy\" decoding=\"async\" src=\"http:\/\/stlouisvincennes.fr\/wp-content\/uploads\/2017\/12\/Orgue-SLV-2017-081-968x1024-150x150.jpg\" alt=\"Denis LACORRE\" width=\"150\" height=\"150\" \/>N\u00e9 en 1966 \u00e0 Limoges, Denis Lacorre se passionne de bonne heure pour la musique et le son, il apprend le piano puis d\u00e9couvre le clavecin et l\u2019orgue.<br \/>\nApr\u00e8s des \u00e9tudes sup\u00e9rieures de physique et d\u2019\u00e9lectronique, il se consacre d\u00e9finitivement \u00e0 la facture d\u2019orgues, d\u2019abord aux \u00e9coles de Messieurs Philippe Hartmann et Jean Renaud, puis \u00e0 partir de l\u2019an 2000 au sein de sa propre entreprise.<br \/>\nSes go\u00fbts le portent, sans exclusive, \u00e0 privil\u00e9gier l\u2019orgue fran\u00e7ais du XIX\u00e8me si\u00e8cle \u00e0 nos jours. Il \u00e9tudie tout particuli\u00e8rement l\u2019\u0153uvre d\u2019Aristide Cavaill\u00e9-Coll dont il restaure plusieurs instruments.<br \/>\nR\u00e9guli\u00e8rement invit\u00e9 comme conf\u00e9rencier lors de colloques ou de stages, comme membre de jury de concours d\u2019interpr\u00e9tation, il sait se tenir en permanence \u00e0 l\u2019\u00e9coute des musiciens et de leurs exigences.<br \/>\n<strong>Il se voit aujourd&rsquo;hui confier la construction d&rsquo;orgues neufs dans le style fran\u00e7ais post-symphonique<\/strong> : Cancale (Saint-M\u00e9en &#8211; \u00e9lectropneumatique III\/66 avec Contrebombarde 32&prime;) et <strong>Vincennes<\/strong> (Saint-Louis &#8211; m\u00e9canique III\/29).<br \/>\n<strong>Harmonisations principales<\/strong><br \/>\nOrgues de Cavaill\u00e9-Coll : Paris (Saint-Sulpice V\/102 &#8211; relevage partiel avec reprises importantes d&rsquo;harmonie) &#8211; Caen (Saint- Etienne III\/50) &#8211; Bayeux (Cath\u00e9drale GO III\/44 &#8211; OC II\/12) &#8211; Saint-Brieuc (Saint-Michel III\/40) &#8211; Bonsecours (Notre-Dame III\/29) &#8211; Usurbil (Espagne &#8211; San Salvador III\/47) &#8211; San-Sebastian (Espagne &#8211; San Vicente III\/37) &#8211; Pontivy (Notre-Dame III\/29)<br \/>\nAutres instruments : Toulouse (ND la Dalbade &#8211; Puget III\/50) &#8211; Ch\u00e2lons-en-Champagne (Cath\u00e9drale &#8211; Abbey III\/54) &#8211; Dieppe (Saint-Jacques &#8211; Gonzalez III\/44) &#8211; Tolosa (Espagne &#8211; Stolz III\/36) &#8211; Limoges (Sainte-Marie &#8211; Zeiger II\/23) &#8211; Bernay (Notre- Dame &#8211; Bouillou II\/22) &#8211; B\u00e9n\u00e9vent l&rsquo;Abbaye (Saint-Barth\u00e9l\u00e9my &#8211; Lacorre II\/21) &#8211; Livarot (Saint-Ouen &#8211; Mutin II\/16.<\/p>\n<p>&nbsp;<\/p>\n<p>&nbsp;<\/p>\n<p>Le facteur d\u2019orgue retenu par le ma\u00eetre d\u2019ouvrage, Denis Lacorre, proposa un instrument qui s\u2019inscrit parfaitement dans la d\u00e9marche esth\u00e9tique expos\u00e9e pr\u00e9c\u00e9demment.<\/p>\n<p>Il s\u2019agit d\u2019un instrument de 38 jeux (31 jeux r\u00e9els, les jeux de p\u00e9dale \u00e9tant trait\u00e9s en extension), sur 3 claviers manuels et p\u00e9dalier. Sa composition et son harmonisation permettront de servir de fa\u00e7on tr\u00e8s satisfaisante le r\u00e9pertoire vis\u00e9 pour cet instrument, tout en permettant, comme cela \u00e9tait la volont\u00e9 des musiciens \u00e0 l\u2019origine du mouvement n\u00e9o-classique, d\u2019aborder \u00e9galement l\u2019ensemble du r\u00e9pertoire d\u2019orgue (du baroque au symphonique) avec les couleurs propres \u00e0 cette esth\u00e9tique.<\/p>\n<p>Sur le plan technique :<\/p>\n<ul>\n<li>la traction m\u00e9canique permet une qualit\u00e9 de toucher n\u00e9cessaire \u00e0 l\u2019interpr\u00e9tation et exig\u00e9e pour la p\u00e9dagogie ;<\/li>\n<li>une machine Barker all\u00e8ge le toucher pour les accouplements, la distance entre les buffets \u00e9tant importante pour que soit d\u00e9gag\u00e9e la verri\u00e8re occidentale ;<\/li>\n<li>l\u2019usage de techniques plus modernes (liaisons en fibre de verre pour la traction, tirage de jeux \u00e9lectriques, combinateur&#8230;) accroit les possibilit\u00e9s de l\u2019instrument pour le r\u00e9pertoire du XX\u00e8me si\u00e8cle ;<\/li>\n<li>le choix des mat\u00e9riaux et des techniques (alimentation en vent, tuyauterie&#8230;) et le soin qui a \u00e9t\u00e9 apport\u00e9 pour l\u2019harmonisation de l\u2019instrument seront des gages d\u2019un instrument de qualit\u00e9 ;<\/li>\n<li>\uf075les claviers sont ceux de l\u2019orgue de Sainte-Clotilde \u00e0 Paris, du temps de Charles Tournemire (1932) : r\u00e9cup\u00e9ration hautement symbolique&#8230; L&rsquo;op\u00e9ration, \u00e0 la charge du dioc\u00e8se de Cr\u00e9teil, a re\u00e7u le soutien financier de l&rsquo;Etat, de la R\u00e9gion Ile-de- France et des deux communes de Vincennes et Saint-Mand\u00e9 (94).<\/li>\n<\/ul>\n<p>&nbsp;<\/p>\n<p><img loading=\"lazy\" decoding=\"async\" src=\"http:\/\/stlouisvincennes.fr\/wp-content\/uploads\/2017\/10\/image.jpeg\" alt=\"\" width=\"406\" height=\"271\" \/><\/p>\n<h3><\/h3>\n<h3><\/h3>\n<h3>La composition de l&rsquo;orgue Denis Lacorre<\/h3>\n\n<table id=\"tablepress-1\" class=\"tablepress tablepress-id-1\">\n<thead>\n<tr class=\"row-1\">\n\t<th class=\"column-1\">Grand-orgue<\/th><th class=\"column-2\">Positif<\/th><th class=\"column-3\">R\u00e9cit expressif<\/th><th class=\"column-4\">P\u00e9dale<\/th>\n<\/tr>\n<\/thead>\n<tbody class=\"row-striping row-hover\">\n<tr class=\"row-2\">\n\t<td class=\"column-1\">Bourdon 16<\/td><td class=\"column-2\">Salicional 8<\/td><td class=\"column-3\">Fl\u00fbte ouverte 8<\/td><td class=\"column-4\">Fl\u00fbte 32 (2)<\/td>\n<\/tr>\n<tr class=\"row-3\">\n\t<td class=\"column-1\">Montre 8<\/td><td class=\"column-2\">Cor de nuit 8<\/td><td class=\"column-3\">Violoncelle 8<\/td><td class=\"column-4\">Bourdon 32 (1)<\/td>\n<\/tr>\n<tr class=\"row-4\">\n\t<td class=\"column-1\">Fl\u00fbte harmonique 8<\/td><td class=\"column-2\">Fl\u00fbte douce 4<\/td><td class=\"column-3\">Voix c\u00e9leste 8<\/td><td class=\"column-4\">Fl\u00fbte 16 (2)<\/td>\n<\/tr>\n<tr class=\"row-5\">\n\t<td class=\"column-1\">Bourdon 8<\/td><td class=\"column-2\">Nasard 2 2\/3<\/td><td class=\"column-3\">Fl\u00fbte 4<\/td><td class=\"column-4\">Soubasse 16 (1)<\/td>\n<\/tr>\n<tr class=\"row-6\">\n\t<td class=\"column-1\">Prestant 4<\/td><td class=\"column-2\">Doublette 2<\/td><td class=\"column-3\">Quinte-fl\u00fbte 2 2\/3<\/td><td class=\"column-4\">Fl\u00fbte 8 (2)<\/td>\n<\/tr>\n<tr class=\"row-7\">\n\t<td class=\"column-1\">Plein jeu V<\/td><td class=\"column-2\">Tierce 1 3\/5<\/td><td class=\"column-3\">Flageolet 2<\/td><td class=\"column-4\">Bourdon 8 (1)<\/td>\n<\/tr>\n<tr class=\"row-8\">\n\t<td class=\"column-1\">Trompette 8<\/td><td class=\"column-2\">Plein jeu III<\/td><td class=\"column-3\">Cymbale III<\/td><td class=\"column-4\">Fl\u00fbte 4 (2)<\/td>\n<\/tr>\n<tr class=\"row-9\">\n\t<td class=\"column-1\">Cromorne 8<\/td><td class=\"column-2\">Petite Trompette 8<\/td><td class=\"column-3\">Bombarde 16<\/td><td class=\"column-4\">Trombone 16 (3)<\/td>\n<\/tr>\n<tr class=\"row-10\">\n\t<td class=\"column-1\">Clairon 4<\/td><td class=\"column-2\"><\/td><td class=\"column-3\">Trompette 8<\/td><td class=\"column-4\">Trompette 8 (3)<\/td>\n<\/tr>\n<tr class=\"row-11\">\n\t<td class=\"column-1\"><\/td><td class=\"column-2\"><\/td><td class=\"column-3\">Basson Hautbois 8<\/td><td class=\"column-4\">Clairon 4 (3)<\/td>\n<\/tr>\n<tr class=\"row-12\">\n\t<td class=\"column-1\"><\/td><td class=\"column-2\"><\/td><td class=\"column-3\">Voix humaine 8<\/td><td class=\"column-4\"><\/td>\n<\/tr>\n<\/tbody>\n<\/table>\n<!-- #tablepress-1 from cache -->\n<p>Accouplements : R\/GO &#8211; Pos\/GO &#8211; R\/Pos &#8211; R en 16&rsquo;\/GO<br \/>\nTirasse : I &#8211; II &#8211; III<br \/>\nTremblants Pos et R<\/p>\n<p>&nbsp;<\/p>\n<p><img loading=\"lazy\" decoding=\"async\" src=\"http:\/\/stlouisvincennes.fr\/wp-content\/uploads\/2017\/04\/image-5-1024x683.jpg\" alt=\"\" width=\"750\" height=\"500\" \/><\/p>\n","protected":false},"excerpt":{"rendered":"<p>&nbsp; L&rsquo;orgue neuf de l&rsquo;\u00e9glise Saint-Louis \u00e0 Vincennes (94) Un instrument n\u00e9oclassique d&rsquo;exception L&rsquo;\u00e9glise Saint-Louis de Vincennes class\u00e9e monument historique L&rsquo;\u00e9glise Saint-Louis se situe au point de rencontre entre quatre villes \u2013 Vincennes, Saint-Mand\u00e9, Montreuil et Paris \u2013 et trois d\u00e9partements \u2013 Val-de-Marne, Seine- Saint-Denis et Paris. Sa construction, d\u00e9cid\u00e9e [&hellip;]<\/p>\n","protected":false},"author":3,"featured_media":0,"parent":0,"menu_order":3,"comment_status":"closed","ping_status":"closed","template":"","meta":{"footnotes":""},"class_list":["post-312","page","type-page","status-publish","hentry"],"_links":{"self":[{"href":"https:\/\/stlouisvincennes.fr\/index.php\/wp-json\/wp\/v2\/pages\/312","targetHints":{"allow":["GET"]}}],"collection":[{"href":"https:\/\/stlouisvincennes.fr\/index.php\/wp-json\/wp\/v2\/pages"}],"about":[{"href":"https:\/\/stlouisvincennes.fr\/index.php\/wp-json\/wp\/v2\/types\/page"}],"author":[{"embeddable":true,"href":"https:\/\/stlouisvincennes.fr\/index.php\/wp-json\/wp\/v2\/users\/3"}],"replies":[{"embeddable":true,"href":"https:\/\/stlouisvincennes.fr\/index.php\/wp-json\/wp\/v2\/comments?post=312"}],"version-history":[{"count":10,"href":"https:\/\/stlouisvincennes.fr\/index.php\/wp-json\/wp\/v2\/pages\/312\/revisions"}],"predecessor-version":[{"id":409,"href":"https:\/\/stlouisvincennes.fr\/index.php\/wp-json\/wp\/v2\/pages\/312\/revisions\/409"}],"wp:attachment":[{"href":"https:\/\/stlouisvincennes.fr\/index.php\/wp-json\/wp\/v2\/media?parent=312"}],"curies":[{"name":"wp","href":"https:\/\/api.w.org\/{rel}","templated":true}]}}