{"id":573,"date":"2018-11-14T08:29:53","date_gmt":"2018-11-14T07:29:53","guid":{"rendered":"http:\/\/stlouisvincennes.fr\/?page_id=573"},"modified":"2019-03-30T07:36:47","modified_gmt":"2019-03-30T06:36:47","slug":"projet-de-travaux-de-restauration","status":"publish","type":"page","link":"https:\/\/stlouisvincennes.fr\/index.php\/projet-de-travaux-de-restauration\/","title":{"rendered":"Projet de travaux de restauration"},"content":{"rendered":"<h2>Un projet en plusieurs \u00e9tapes<\/h2>\n<p><img loading=\"lazy\" decoding=\"async\" src=\"http:\/\/stlouisvincennes.fr\/wp-content\/uploads\/2019\/03\/st-louis_3.jpg\" alt=\"\" class=\"alignnone size-full wp-image-711\" width=\"1021\" height=\"800\" srcset=\"https:\/\/stlouisvincennes.fr\/wp-content\/uploads\/2019\/03\/st-louis_3.jpg 1021w, https:\/\/stlouisvincennes.fr\/wp-content\/uploads\/2019\/03\/st-louis_3-300x235.jpg 300w, https:\/\/stlouisvincennes.fr\/wp-content\/uploads\/2019\/03\/st-louis_3-768x602.jpg 768w\" sizes=\"auto, (max-width: 1021px) 100vw, 1021px\" \/><\/p>\n<p><strong>Les travaux sur cette \u00e9glise sont divers car ils concernent plusieurs parties du b\u00e2timent.<\/strong> Une premi\u00e8re phase de travaux, achev\u00e9e en 2016, a permis de constater la d\u00e9gradation du b\u00e9ton arm\u00e9, certaines structures sont donc \u00e0 revoir. L\u2019\u00e9difice souffre de la pollution externe, et il faut encore v\u00e9rifier la toiture et l\u2019\u00e9vacuation des eaux. Ce chantier donne aussi l\u2019occasion de revoir l\u2019int\u00e9gralit\u00e9 des \u00e9quipements \u00e9lectriques, l\u2019\u00e9clairage et le chauffage de l\u2019\u00e9glise.<\/p>\n<p><strong>En 2014, une \u00e9tude d\u2019avant-projet a \u00e9t\u00e9 r\u00e9alis\u00e9e afin de d\u00e9terminer les phases de travaux et les co\u00fbts correspondants.<\/strong> Les travaux ont \u00e9t\u00e9 interrompus en 2017, ils doivent reprendre en 2020, apr\u00e8s deux ann\u00e9es de collecte de fonds. <strong>Les Chantiers du Cardinal participent \u00e0 hauteur de 350 000 euros.<\/strong><\/p>\n<h2>Restauration du d\u00e9cor int\u00e9rieur<\/h2>\n<p><strong>Les trois grandes verri\u00e8res en b\u00e9ton, con\u00e7ue par Saint-Gobain, sont d\u00e9grad\u00e9es. <\/strong>Un nettoyage est n\u00e9cessaire ainsi que le remplacement des cabochons de verre endommag\u00e9s, ils seront refaits \u00e0 l\u2019identique. Les ferronneries et les c\u00e9ramiques seront enti\u00e8rement nettoy\u00e9es pour retrouver leur \u00e9clat originel.<\/p>\n<p><strong>A l\u2019int\u00e9rieur,\u00a0 le fabuleux d\u00e9cor avec les fresques de Maurice Denis et les peintures sur ciment de Henri Marret doivent \u00eatre restaur\u00e9es et consolid\u00e9es. <\/strong>Ce travail sera confi\u00e9 \u00e0 un restaurateur et les travaux seront contr\u00f4l\u00e9s par le conservateur des Monuments historiques.<\/p>\n<p><strong>[LIRE]<\/strong> L\u2019article sur l\u2019\u00e9glise Saint-Louis-de-Vincennes sur <a href=\"https:\/\/fr.aleteia.org\/2018\/10\/19\/saint-louis-de-vincennes-derriere-le-beton-des-richesses-insoupconnees\/\" target=\"_blank\" rel=\"noopener\">aleteia.fr<\/a><\/p>\n<section class=\"article wysiwyg\" id=\"rub6\">\n<div class=\"sub-container\">\n<h2><img loading=\"lazy\" decoding=\"async\" src=\"http:\/\/stlouisvincennes.fr\/wp-content\/uploads\/2019\/03\/st-louis_2.jpg\" alt=\"\" class=\"alignnone size-full wp-image-710\" width=\"1021\" height=\"800\" srcset=\"https:\/\/stlouisvincennes.fr\/wp-content\/uploads\/2019\/03\/st-louis_2.jpg 1021w, https:\/\/stlouisvincennes.fr\/wp-content\/uploads\/2019\/03\/st-louis_2-300x235.jpg 300w, https:\/\/stlouisvincennes.fr\/wp-content\/uploads\/2019\/03\/st-louis_2-768x602.jpg 768w\" sizes=\"auto, (max-width: 1021px) 100vw, 1021px\" \/><\/h2>\n<h2>Les travaux en d\u00e9tail<\/h2>\n<ul>\n<li>Structure du b\u00e2timent : toiture, \u00e9vacuation des eaux de pluie, structures en b\u00e9ton, grandes verri\u00e8res<\/li>\n<li>Restauration des d\u00e9cors peints \u00e0 l\u2019int\u00e9rieur de l\u2019\u00e9glise<\/li>\n<li>Nettoyage des ferronneries et des c\u00e9ramiques<\/li>\n<li>Refonte int\u00e9grale des \u00e9quipements : circuits \u00e9lectriques, \u00e9clairage, chauffage<br \/>\n<hr \/>\n<\/li>\n<\/ul>\n<\/div>\n<\/section>\n<div class=\"wpb_text_column wpb_content_element \">\n<div class=\"wpb_wrapper\">\n<h3 style=\"text-align: center;\"><strong>Vous pouvez participer \u00e0 ce chantier de restauration,<\/strong><\/h3>\n<ul>\n<li>en laissant vos coordonn\u00e9es (Nom, pr\u00e9nom, adresse et courriel) pour participer \u00e0 la souscription qui va \u00eatre lanc\u00e9e (par courriel \u00e0 <a href=\"mailto:saintlouis.v@free.fr\" target=\"_blank\" class=\"link-icon\" rel=\"noopener\">saintlouis.v@free.fr<span class=\"icon-arrow-right3\"><\/span><\/a> ),<\/li>\n<li>en acqu\u00e9rant aupr\u00e8s de l\u2019accueil paroissial \u2013 au 23 rue C\u00e9line Robert, de l\u2019autre c\u00f4t\u00e9 de l\u2019\u00e9glise :<\/li>\n<\/ul>\n<ul>\n<li>Des cartes postales de l\u2019\u00e9glise (vendues 0,50 \u20ac)<\/li>\n<li>Une brochure de pr\u00e9sentation de l\u2019\u00e9glise (5 \u20ac)<\/li>\n<li>Une brochure pr\u00e9sentant le nouvel orgue<\/li>\n<li>Un livre tr\u00e8s complet sur la construction et la d\u00e9coration de l\u2019\u00e9glise :<br \/>\n<a href=\"http:\/\/www.narthex.fr\/blogs\/leglise-saint-louis-de-vincennes-entre-tradition-et-modernite\/un-ouvrage-sur-leglise-saint-louis-de-vincennes\" target=\"_blank\" class=\"link-icon\" rel=\"noopener\">Il \u00e9tait une Foi, l\u2019\u00e9glise Saint-Louis de Vincennes<span class=\"icon-arrow-right3\"><\/span><\/a> (20 \u20ac) de Paul\u00a0Guillaumat et Claude de Martel.<\/li>\n<\/ul>\n<\/div>\n<\/div>\n<p><a href=\"https:\/\/www.chantiersducardinal.fr\/projet\/redonner-de-leclat-a-saint-louis-de-vincennes-94\"><\/a><a href=\"https:\/\/www.fondation-patrimoine.org\/les-projets\/eglise-saint-louis-de-vincennes\"><img loading=\"lazy\" decoding=\"async\" src=\"http:\/\/stlouisvincennes.fr\/wp-content\/uploads\/2019\/03\/DON.jpg\" alt=\"\" class=\"size-full wp-image-701 aligncenter\" width=\"143\" height=\"62\" \/><\/a><\/p>\n","protected":false},"excerpt":{"rendered":"<p>Un projet en plusieurs \u00e9tapes Les travaux sur cette \u00e9glise sont divers car ils concernent plusieurs parties du b\u00e2timent. Une premi\u00e8re phase de travaux, achev\u00e9e en 2016, a permis de constater la d\u00e9gradation du b\u00e9ton arm\u00e9, certaines structures sont donc \u00e0 revoir. L\u2019\u00e9difice souffre de la pollution externe, et il [&hellip;]<\/p>\n","protected":false},"author":3,"featured_media":0,"parent":0,"menu_order":0,"comment_status":"closed","ping_status":"closed","template":"","meta":{"footnotes":""},"class_list":["post-573","page","type-page","status-publish","hentry"],"_links":{"self":[{"href":"https:\/\/stlouisvincennes.fr\/index.php\/wp-json\/wp\/v2\/pages\/573","targetHints":{"allow":["GET"]}}],"collection":[{"href":"https:\/\/stlouisvincennes.fr\/index.php\/wp-json\/wp\/v2\/pages"}],"about":[{"href":"https:\/\/stlouisvincennes.fr\/index.php\/wp-json\/wp\/v2\/types\/page"}],"author":[{"embeddable":true,"href":"https:\/\/stlouisvincennes.fr\/index.php\/wp-json\/wp\/v2\/users\/3"}],"replies":[{"embeddable":true,"href":"https:\/\/stlouisvincennes.fr\/index.php\/wp-json\/wp\/v2\/comments?post=573"}],"version-history":[{"count":6,"href":"https:\/\/stlouisvincennes.fr\/index.php\/wp-json\/wp\/v2\/pages\/573\/revisions"}],"predecessor-version":[{"id":721,"href":"https:\/\/stlouisvincennes.fr\/index.php\/wp-json\/wp\/v2\/pages\/573\/revisions\/721"}],"wp:attachment":[{"href":"https:\/\/stlouisvincennes.fr\/index.php\/wp-json\/wp\/v2\/media?parent=573"}],"curies":[{"name":"wp","href":"https:\/\/api.w.org\/{rel}","templated":true}]}}