{"id":578,"date":"2018-11-14T08:38:09","date_gmt":"2018-11-14T07:38:09","guid":{"rendered":"http:\/\/stlouisvincennes.fr\/?page_id=578"},"modified":"2018-11-14T08:39:35","modified_gmt":"2018-11-14T07:39:35","slug":"inauguration-de-lorgue","status":"publish","type":"page","link":"https:\/\/stlouisvincennes.fr\/index.php\/inauguration-de-lorgue\/","title":{"rendered":"Inauguration de l&rsquo;orgue"},"content":{"rendered":"<h1>Inauguration d&rsquo;un orgue neuf en l&rsquo;\u00e9glise Saint-Louis \u00e0 Vincennes (94)<\/h1>\n<h2>Un instrument n\u00e9oclassique d&rsquo;exception<\/h2>\n<p>L&rsquo;\u00e9glise Saint-Louis de Vincennes (94), class\u00e9e Monument Historique et t\u00e9moin de l&rsquo;art sacr\u00e9\u00a0des ann\u00e9es 1920\/1930, se dote d&rsquo;un orgue neuf construit par le facteur Denis Lacorre. L&rsquo;orgue\u00a0(39 jeux \/ 3 claviers et p\u00e9dalier) a \u00e9t\u00e9 construit dans l&rsquo;esth\u00e9tique n\u00e9oclassique pour s&rsquo;ins\u00e9rer de\u00a0fa\u00e7on coh\u00e9rente dans cette \u00e9glise dot\u00e9e de nombreuses oeuvres d&rsquo;art de cette p\u00e9riode et servir\u00a0un r\u00e9pertoire musical d&rsquo;une tr\u00e8s grande richesse (Durufl\u00e9, Tournemire, Langlais, Litaize, Alain&#8230;).<\/p>\n<h3>Les manifestations d&rsquo;inauguration se sont d\u00e9roul\u00e9es en mai et juin 2017 :<\/h3>\n<p><strong>Dimanche 7 mai \u00e0 16h<\/strong><br \/>\nB\u00e9n\u00e9diction de l&rsquo;orgue par Mgr Michel Santier, \u00e9v\u00eaque de Cr\u00e9teil<\/p>\n<p><img loading=\"lazy\" decoding=\"async\" class=\"alignnone wp-image-413 size-medium\" src=\"http:\/\/stlouisvincennes.fr\/wp-content\/uploads\/2018\/01\/Benediction-de-lorgue-SLV-2017-22-1024x768-300x225.jpg\" alt=\"\" width=\"300\" height=\"225\" srcset=\"https:\/\/stlouisvincennes.fr\/wp-content\/uploads\/2018\/01\/Benediction-de-lorgue-SLV-2017-22-1024x768-300x225.jpg 300w, https:\/\/stlouisvincennes.fr\/wp-content\/uploads\/2018\/01\/Benediction-de-lorgue-SLV-2017-22-1024x768-768x576.jpg 768w, https:\/\/stlouisvincennes.fr\/wp-content\/uploads\/2018\/01\/Benediction-de-lorgue-SLV-2017-22-1024x768.jpg 1024w\" sizes=\"auto, (max-width: 300px) 100vw, 300px\" \/><img loading=\"lazy\" decoding=\"async\" class=\"alignnone wp-image-415 \" src=\"http:\/\/stlouisvincennes.fr\/wp-content\/uploads\/2018\/01\/6942576_0d9e825e-36f9-11e7-ade9-d355d1fe4f99-1_1000x625-300x188.jpg\" alt=\"\" width=\"359\" height=\"225\" srcset=\"https:\/\/stlouisvincennes.fr\/wp-content\/uploads\/2018\/01\/6942576_0d9e825e-36f9-11e7-ade9-d355d1fe4f99-1_1000x625-300x188.jpg 300w, https:\/\/stlouisvincennes.fr\/wp-content\/uploads\/2018\/01\/6942576_0d9e825e-36f9-11e7-ade9-d355d1fe4f99-1_1000x625-768x480.jpg 768w, https:\/\/stlouisvincennes.fr\/wp-content\/uploads\/2018\/01\/6942576_0d9e825e-36f9-11e7-ade9-d355d1fe4f99-1_1000x625.jpg 1000w\" sizes=\"auto, (max-width: 359px) 100vw, 359px\" \/><br \/>\nConcert inaugural par les trois organistes des paroisses de Saint-Louis de Vincennes (Anne Lamy ; Fran\u00e7ois Mazou\u00ebr) et de Notre-Dame de Saint-Mand\u00e9 (J\u00e9r\u00f4me Tonnellier).<\/p>\n<p><img loading=\"lazy\" decoding=\"async\" class=\"alignnone wp-image-414 size-medium\" src=\"http:\/\/stlouisvincennes.fr\/wp-content\/uploads\/2018\/01\/Benediction-de-lorgue-SLV-2017-25-300x225.jpg\" alt=\"\" width=\"300\" height=\"225\" srcset=\"https:\/\/stlouisvincennes.fr\/wp-content\/uploads\/2018\/01\/Benediction-de-lorgue-SLV-2017-25-300x225.jpg 300w, https:\/\/stlouisvincennes.fr\/wp-content\/uploads\/2018\/01\/Benediction-de-lorgue-SLV-2017-25-768x576.jpg 768w, https:\/\/stlouisvincennes.fr\/wp-content\/uploads\/2018\/01\/Benediction-de-lorgue-SLV-2017-25-1024x768.jpg 1024w, https:\/\/stlouisvincennes.fr\/wp-content\/uploads\/2018\/01\/Benediction-de-lorgue-SLV-2017-25.jpg 2000w\" sizes=\"auto, (max-width: 300px) 100vw, 300px\" \/><\/p>\n<p><strong>Samedi 13 mai \u00e0 15h<\/strong><br \/>\nR\u00e9cital de Marie-Ange Leurent (professeur au Conservatoire de Saint-Mand\u00e9) et Eric Lebrun\u00a0(professeur au Conservatoire \u00e0 rayonnement r\u00e9gional de Saint-Maur), suivi d&rsquo;un concert donn\u00e9 par le\u00a0Conservatoire de Vincennes avec la participation de Vincent Crosnier (professeur au Conservatoire de\u00a0Vincennes).<\/p>\n<p><strong>Samedi 13 mai \u00e0 18h<\/strong><br \/>\nD\u00e9voilement de la plaque comm\u00e9morative de l&rsquo;inauguration, en pr\u00e9sence de MM. les maires de\u00a0Vincennes et de Saint-Mand\u00e9 et des donateurs.<\/p>\n<p><strong>Vendredi 30 juin \u00e0 20h30<\/strong> \u2013 dans le cadre de la \u00ab Nuit des Eglises \u00bb<br \/>\nR\u00e9cital des deux organistes qui ont assist\u00e9 le ma\u00eetre d\u2019ouvrage lors de l&rsquo;appel d&rsquo;offres : Emmanuel\u00a0Bellanger et Pierre Perdigon.<\/p>\n<p><em>Eglise Saint-Louis de Vincennes &#8211; 22, rue Fa\u00ffs 94300 VINCENNES<\/em><\/p>\n<p><em>m\u00e9tro Saint-Mand\u00e9<\/em><\/p>\n","protected":false},"excerpt":{"rendered":"<p>Inauguration d&rsquo;un orgue neuf en l&rsquo;\u00e9glise Saint-Louis \u00e0 Vincennes (94) Un instrument n\u00e9oclassique d&rsquo;exception L&rsquo;\u00e9glise Saint-Louis de Vincennes (94), class\u00e9e Monument Historique et t\u00e9moin de l&rsquo;art sacr\u00e9\u00a0des ann\u00e9es 1920\/1930, se dote d&rsquo;un orgue neuf construit par le facteur Denis Lacorre. L&rsquo;orgue\u00a0(39 jeux \/ 3 claviers et p\u00e9dalier) a \u00e9t\u00e9 construit [&hellip;]<\/p>\n","protected":false},"author":3,"featured_media":0,"parent":0,"menu_order":0,"comment_status":"closed","ping_status":"closed","template":"","meta":{"footnotes":""},"class_list":["post-578","page","type-page","status-publish","hentry"],"_links":{"self":[{"href":"https:\/\/stlouisvincennes.fr\/index.php\/wp-json\/wp\/v2\/pages\/578","targetHints":{"allow":["GET"]}}],"collection":[{"href":"https:\/\/stlouisvincennes.fr\/index.php\/wp-json\/wp\/v2\/pages"}],"about":[{"href":"https:\/\/stlouisvincennes.fr\/index.php\/wp-json\/wp\/v2\/types\/page"}],"author":[{"embeddable":true,"href":"https:\/\/stlouisvincennes.fr\/index.php\/wp-json\/wp\/v2\/users\/3"}],"replies":[{"embeddable":true,"href":"https:\/\/stlouisvincennes.fr\/index.php\/wp-json\/wp\/v2\/comments?post=578"}],"version-history":[{"count":2,"href":"https:\/\/stlouisvincennes.fr\/index.php\/wp-json\/wp\/v2\/pages\/578\/revisions"}],"predecessor-version":[{"id":581,"href":"https:\/\/stlouisvincennes.fr\/index.php\/wp-json\/wp\/v2\/pages\/578\/revisions\/581"}],"wp:attachment":[{"href":"https:\/\/stlouisvincennes.fr\/index.php\/wp-json\/wp\/v2\/media?parent=578"}],"curies":[{"name":"wp","href":"https:\/\/api.w.org\/{rel}","templated":true}]}}