{"id":686,"date":"2019-03-27T07:33:32","date_gmt":"2019-03-27T06:33:32","guid":{"rendered":"http:\/\/stlouisvincennes.fr\/?page_id=686"},"modified":"2019-03-30T09:49:37","modified_gmt":"2019-03-30T08:49:37","slug":"histoire-de-leglise-de-st-louis-de-vincennes","status":"publish","type":"page","link":"https:\/\/stlouisvincennes.fr\/index.php\/histoire-de-leglise-de-st-louis-de-vincennes\/","title":{"rendered":"Histoire de l&rsquo;\u00e9glise de ST Louis de Vincennes"},"content":{"rendered":"<p><img loading=\"lazy\" decoding=\"async\" src=\"http:\/\/stlouisvincennes.fr\/wp-content\/uploads\/2019\/03\/Fresque-Maurice-Denis-1024x460.jpg\" alt=\"\" class=\"alignnone size-full wp-image-693 aligncenter\" width=\"1024\" height=\"460\" srcset=\"https:\/\/stlouisvincennes.fr\/wp-content\/uploads\/2019\/03\/Fresque-Maurice-Denis-1024x460.jpg 1024w, https:\/\/stlouisvincennes.fr\/wp-content\/uploads\/2019\/03\/Fresque-Maurice-Denis-1024x460-300x135.jpg 300w, https:\/\/stlouisvincennes.fr\/wp-content\/uploads\/2019\/03\/Fresque-Maurice-Denis-1024x460-768x345.jpg 768w\" sizes=\"auto, (max-width: 1024px) 100vw, 1024px\" \/><\/p>\n<p>St Louis rendant la justice sous un ch\u00eane- Fresque de Maurice DENIS-1927<\/p>\n<p>L\u2019\u00e9glise de st Louis de Vincennes date du premier quart du XX\u00e8me si\u00e8cle.<\/p>\n<p>Les travaux commencent en juillet 1914, et l\u2019\u00e9glise est consacr\u00e9e en novembre 1924. Mais il faudra attendre encore 1935 pour achever la d\u00e9coration et le campanile.<\/p>\n<p>Novembre 1924 voit \u00e9galement la cr\u00e9ation de la paroisse Saint-Louis de Vincennes \u2026 et Saint-Mand\u00e9, car le territoire de la paroisse s\u2019\u00e9tend sur les deux communes.<\/p>\n<h3><strong>Une \u00e9glise class\u00e9e par les Monuments historiques<\/strong><\/h3>\n<p>En 1996, l\u2019Etat d\u00e9cide de classer l\u2019\u00e9glise, reconnaissant par l\u00e0 qu\u2019elle est un t\u00e9moignage remarquable de l\u2019architecture du d\u00e9but du XX\u00e8me si\u00e8cle, et de la qualit\u00e9 de sa d\u00e9coration.<\/p>\n<h3><strong>Pourquoi ce classement ?<\/strong><\/h3>\n<p>Une architecture remarquable<\/p>\n<p>L\u2019\u00e9glise est l\u2019\u0153uvre de deux jeunes architectes (30 et 31 ans) qui gagnent le concours lanc\u00e9 par le dioc\u00e8se de Paris.\u00a0 Jacques Droz et Joseph Marrast n\u2019ont encore rien r\u00e9alis\u00e9.<\/p>\n<p>Leur projet r\u00e9pond aux besoins manifest\u00e9s par le dioc\u00e8se pour le culte, en termes d\u2019espace, et de visibilit\u00e9 de l\u2019autel par l\u2019ensemble des fid\u00e8les.<\/p>\n<p>Il est novateur par sa conception sur un plan carr\u00e9, et \u00e9voque les \u00e9glises du Moyen-Orient.<\/p>\n<p>Il est audacieux dans le parti pris de recourir au b\u00e9ton arm\u00e9 \u2013une de ses premi\u00e8res applications \u2013 et dans le plan g\u00e9n\u00e9ral : deux paires d\u2019arcs (AA\u2019) et (BB\u2019) se croisent \u00e0 angle droit et portent l\u2019ensemble de la structure. Leur port\u00e9e n\u2019aurait pas \u00e9t\u00e9 possible avant l\u2019utilisation du b\u00e9ton arm\u00e9.<\/p>\n<p>De plus, les architectes se sentent \u00e9galement responsables de la d\u00e9coration de l\u2019\u00e9glise, et collaborent avec les artistes charg\u00e9s des d\u00e9cors. De cette fa\u00e7on ils vont assurer l\u2019unit\u00e9 de la d\u00e9coration jusque dans les d\u00e9tails, unit\u00e9 reconnue comme essentielle dans la d\u00e9cision de classement de l\u2019\u00e9glise.<\/p>\n<p>Une d\u00e9coration vari\u00e9e, t\u00e9moin du renouveau de l\u2019art sacr\u00e9 et de l\u2019art d\u00e9coratif, qui met en \u0153uvre des techniques artistiques alors abandonn\u00e9es.<\/p>\n<h3><strong>Deux peintres se sont exprim\u00e9s \u00e0 Saint-Louis.<\/strong><\/h3>\n<p>les rep\u00e8res (x) font r\u00e9f\u00e9rence au plan de l\u2019\u00e9glise.<\/p>\n<p><strong><img loading=\"lazy\" decoding=\"async\" class=\"aligncenter wp-image-1265\" src=\"https:\/\/vincennes-saint-mande.catholique.fr\/wp-content\/uploads\/sites\/8\/2016\/05\/Plan-de-l\u00e9glise-de-SLV-744x1024.jpg\" alt=\"Plan de l'\u00e9glise de SLV\" srcset=\"https:\/\/vincennes-saint-mande.catholique.fr\/wp-content\/uploads\/sites\/8\/2016\/05\/Plan-de-l\u00e9glise-de-SLV-744x1024.jpg 744w, https:\/\/vincennes-saint-mande.catholique.fr\/wp-content\/uploads\/sites\/8\/2016\/05\/Plan-de-l\u00e9glise-de-SLV-218x300.jpg 218w, https:\/\/vincennes-saint-mande.catholique.fr\/wp-content\/uploads\/sites\/8\/2016\/05\/Plan-de-l\u00e9glise-de-SLV.jpg 888w\" sizes=\"auto, (max-width: 372px) 100vw, 372px\" width=\"372\" height=\"512\" \/>Henri Marret<\/strong> a \u00e9t\u00e9 un des r\u00e9novateurs de l\u2019art de la fresque, technique utilis\u00e9e d\u00e8s l\u2019antiquit\u00e9, quasiment abandonn\u00e9e apr\u00e8s la Renaissance, avant d\u2019\u00eatre ressuscit\u00e9e par Baudouin et Marret. De Marret, voyez d\u2019abord les 14 stations du Chemin de croix (a). Voyez aussi le T\u00e9tramorphe (les quatre \u00e9vang\u00e9listes en haut de la lanterne), le Christ pantocrator qui domine l\u2019arc du ch\u0153ur (b),\u00a0 et \u00e0 l\u2019ext\u00e9rieur la fresque des Grands saints de France, et le d\u00e9cor de la face inf\u00e9rieure de l\u2019auvent (c).<\/p>\n<p><strong>Maurice Denis<\/strong> s\u2019est aussi essay\u00e9 \u00e0 la fresque avec les huit B\u00e9atitudes aux \u00e9coin\u00e7ons des grands arcs (d). Son \u0153uvre majeure est cependant (e) la Glorification de saint Louis, qui d\u00e9ploie derri\u00e8re l\u2019autel un vaste tableau de la soci\u00e9t\u00e9 fran\u00e7aise sous le r\u00e8gne de Louis IX (1214-1270). Pour Denis, qui s\u2019est affirm\u00e9 \u00e0 cette \u00e9poque comme un th\u00e9oricien et un d\u00e9fenseur de l\u2019art chr\u00e9tien, cette \u0153uvre \u2013r\u00e9alis\u00e9e avec une nouvelle technique picturale, le <a href=\"http:\/\/www.patrimoine-histoire.fr\/Patrimoine\/Paris\/Paris-Saint-Esprit.htm\" target=\"_blank\" class=\"link-icon\" rel=\"noopener\">STIC B<span class=\"icon-arrow-right3\"><\/span><\/a> \u2013 est aussi un manifeste de ses convictions.<\/p>\n<p>Il faut aussi \u00e9voquer <strong>le c\u00e9ramiste Maurice Dhomme<\/strong>, qui a, lui aussi, fait revivre ici un art disparu depuis la Renaissance. Ses r\u00e9alisations \u00e0 Saint Louis donnent une tonalit\u00e9 lumineuse d\u2019autant plus forte qu\u2019elle contraste avec la rigueur de la meuli\u00e8re et de sa brique. La teinte dominante de ses d\u00e9cors est certes le bleu, mais alli\u00e9 \u00e0 des roses d\u00e9licats, \u00e0 des verts ou des mauves subtils, dans les nombreux d\u00e9cors que Dhomme a r\u00e9alis\u00e9s, pour la table de communion (f), la chaire \u00e0 pr\u00eacher(g), son abat-voix, les rev\u00eatements du ma\u00eetre autel, et quatre statues des saints (h).<\/p>\n<p>Il y a \u00e9galement deux sculpteurs \u00e0 Saint-Louis de Vincennes : <strong>Carlo Sarrabezolles<\/strong> pour la grande statue (sur b\u00e9ton) de saint Louis \u00e0 l\u2019ext\u00e9rieur (i), \u00e0 droite du portail d\u2019entr\u00e9e. Et <strong>Armand Boutrolle<\/strong> est l\u2019auteur d\u2019un Sacr\u00e9-Coeur et d\u2019une Vierge \u00e0 l\u2019enfant sur les autels lat\u00e9raux (j)<\/p>\n<p><strong>Raymond Subes<\/strong> a fait revivre une technique abandonn\u00e9e depuis le XVIII\u00e8me si\u00e8cle, celle de la ferronnerie \u00e9labor\u00e9e \u00ab au feu \u00bb. Il est, \u00e0 Saint-Louis, l\u2019auteur des portes des tabernacles, des grilles des tables de communion, de la grille qui entoure \u00e0 l\u2019ext\u00e9rieur la statue de saint Louis, comme de celles qui entourent trois des quatre statues de saints dans la nef, et de nombreux objets cultuels (chandeliers, crucifix, croix d\u2019autel\u2026)<\/p>\n<h3><strong>De la gloire \u00e0 l\u2019oubli, et vers une renaissance<\/strong><\/h3>\n<p>D\u00e8s sa cons\u00e9cration en 1924, l\u2019\u00e9glise et son d\u00e9cor firent l\u2019objet d\u2019une r\u00e9elle admiration, et inspir\u00e8rent d\u2019autres b\u00e2timents du culte. Jusqu\u2019\u00e0 ce que les go\u00fbts et les th\u00e9ories \u00e9voluent. Alors l\u2019\u00e9glise Saint-Louis, cach\u00e9e derri\u00e8re les immeubles du quartier, \u00e0 peine visible, tombe un peu dans l\u2019oubli.<\/p>\n<p>Le classement de l\u2019\u00e9glise en 1996, le renouveau de l\u2019int\u00e9r\u00eat du public pour l\u2019art du d\u00e9but du XX\u00e8me si\u00e8cle, et l\u2019engagement des paroissiens convaincus de la qualit\u00e9 de cet \u00e9difice, permettent de croire en une renaissance de l\u2019\u00e9glise Saint-Louis.<\/p>\n<p>Un vaste programme de restauration a \u00e9t\u00e9 mis en \u0153uvre, avec le soutien des pouvoirs publics. Une premi\u00e8re \u00e9tape a \u00e9t\u00e9 franchie, dont les r\u00e9sultats sont d\u00e9j\u00e0 visibles.<\/p>\n<h3><strong>D\u2019autres \u00e9tapes sont en projet.<\/strong><\/h3>\n<p>Sur la tribune, un orgue neuf (2016) du facteur nantais Denis Lacorre. Cet instrument, con\u00e7u dans l\u2019esth\u00e9tique musicale, dite \u00ab n\u00e9o-classique \u00bb, des ann\u00e9es 1930, est dot\u00e9 de 32 jeux sur trois claviers\/p\u00e9dalier.<\/p>\n<p>Lien vers le blog de Narthex sur \u00a0\u00bb <a href=\"http:\/\/www.narthex.fr\/blogs\/leglise-saint-louis-de-vincennes-entre-tradition-et-modernite\/lorgue-de-saint-louis-se-dessine\" target=\"_blank\" class=\"link-icon\" rel=\"noopener\">l\u2019orgue de Saint Louis se dessine\u00a0\u00bb<span class=\"icon-arrow-right3\"><\/span><\/a>.<\/p>\n<p>Bien \u00e9videmment, un tel programme de restauration est on\u00e9reux et exc\u00e8de la capacit\u00e9 financi\u00e8re de la paroisse, d\u2019autant que, construite apr\u00e8s la loi de 1905, l\u2019\u00e9glise n\u2019est pas la propri\u00e9t\u00e9 de la commune.<\/p>\n<p><a href=\"https:\/\/www.fondation-patrimoine.org\/les-projets\/eglise-saint-louis-de-vincennes\" target=\"_blank\" rel=\"noopener\"><img loading=\"lazy\" decoding=\"async\" src=\"http:\/\/stlouisvincennes.fr\/wp-content\/uploads\/2019\/03\/DON.jpg\" alt=\"\" class=\"aligncenter wp-image-701 size-full\" width=\"143\" height=\"62\" \/><\/a><\/p>\n","protected":false},"excerpt":{"rendered":"<p>St Louis rendant la justice sous un ch\u00eane- Fresque de Maurice DENIS-1927 L\u2019\u00e9glise de st Louis de Vincennes date du premier quart du XX\u00e8me si\u00e8cle. Les travaux commencent en juillet 1914, et l\u2019\u00e9glise est consacr\u00e9e en novembre 1924. Mais il faudra attendre encore 1935 pour achever la d\u00e9coration et le [&hellip;]<\/p>\n","protected":false},"author":3,"featured_media":693,"parent":0,"menu_order":0,"comment_status":"closed","ping_status":"closed","template":"","meta":{"footnotes":""},"class_list":["post-686","page","type-page","status-publish","has-post-thumbnail","hentry"],"_links":{"self":[{"href":"https:\/\/stlouisvincennes.fr\/index.php\/wp-json\/wp\/v2\/pages\/686","targetHints":{"allow":["GET"]}}],"collection":[{"href":"https:\/\/stlouisvincennes.fr\/index.php\/wp-json\/wp\/v2\/pages"}],"about":[{"href":"https:\/\/stlouisvincennes.fr\/index.php\/wp-json\/wp\/v2\/types\/page"}],"author":[{"embeddable":true,"href":"https:\/\/stlouisvincennes.fr\/index.php\/wp-json\/wp\/v2\/users\/3"}],"replies":[{"embeddable":true,"href":"https:\/\/stlouisvincennes.fr\/index.php\/wp-json\/wp\/v2\/comments?post=686"}],"version-history":[{"count":3,"href":"https:\/\/stlouisvincennes.fr\/index.php\/wp-json\/wp\/v2\/pages\/686\/revisions"}],"predecessor-version":[{"id":741,"href":"https:\/\/stlouisvincennes.fr\/index.php\/wp-json\/wp\/v2\/pages\/686\/revisions\/741"}],"wp:featuredmedia":[{"embeddable":true,"href":"https:\/\/stlouisvincennes.fr\/index.php\/wp-json\/wp\/v2\/media\/693"}],"wp:attachment":[{"href":"https:\/\/stlouisvincennes.fr\/index.php\/wp-json\/wp\/v2\/media?parent=686"}],"curies":[{"name":"wp","href":"https:\/\/api.w.org\/{rel}","templated":true}]}}